{"id":6041,"date":"2021-10-29T10:19:30","date_gmt":"2021-10-29T08:19:30","guid":{"rendered":"https:\/\/designmarket.be\/?page_id=6041"},"modified":"2026-02-12T18:43:54","modified_gmt":"2026-02-12T17:43:54","slug":"about-us","status":"publish","type":"page","link":"https:\/\/antwerpdesignmarket.be\/fr\/about-us\/","title":{"rendered":"A propos"},"content":{"rendered":"<div data-elementor-type=\"wp-post\" data-elementor-id=\"6041\" class=\"elementor elementor-6041\" data-elementor-post-type=\"page\">\n\t\t\t\t\t\t\t\t\t<section class=\"elementor-section elementor-top-section elementor-element elementor-element-2e338c4 elementor-section-stretched elementor-section-boxed elementor-section-height-default elementor-section-height-default sc_fly_static\" data-id=\"2e338c4\" data-element_type=\"section\" data-settings=\"{&quot;stretch_section&quot;:&quot;section-stretched&quot;,&quot;background_background&quot;:&quot;classic&quot;}\">\n\t\t\t\t\t\t<div class=\"elementor-container elementor-column-gap-extended\">\n\t\t\t\t\t<div class=\"elementor-column elementor-col-100 elementor-top-column elementor-element elementor-element-e28e2a7 sc_inner_width_none sc_content_align_inherit sc_layouts_column_icons_position_left sc_fly_static\" data-id=\"e28e2a7\" data-element_type=\"column\" data-settings=\"{&quot;background_background&quot;:&quot;classic&quot;}\">\n\t\t\t<div class=\"elementor-widget-wrap elementor-element-populated\">\n\t\t\t\t\t\t\t\t<div class=\"elementor-element elementor-element-cc836dc sc_fly_static elementor-widget elementor-widget-spacer\" data-id=\"cc836dc\" data-element_type=\"widget\" data-widget_type=\"spacer.default\">\n\t\t\t\t<div class=\"elementor-widget-container\">\n\t\t\t\t\t<div class=\"elementor-spacer\">\n\t\t\t<div class=\"elementor-spacer-inner\"><\/div>\n\t\t<\/div>\n\t\t\t\t<\/div>\n\t\t\t\t<\/div>\n\t\t\t\t<div class=\"elementor-element elementor-element-3df3c50 animation_type_block sc_fly_static elementor-invisible elementor-widget elementor-widget-trx_sc_title\" data-id=\"3df3c50\" data-element_type=\"widget\" data-settings=\"{&quot;_animation&quot;:&quot;fadeIn&quot;}\" data-widget_type=\"trx_sc_title.default\">\n\t\t\t\t<div class=\"elementor-widget-container\">\n\t\t\t<div\t\tclass=\"sc_title sc_title_default\"><h2 class=\"sc_item_title sc_title_title sc_item_title_style_default\"\n\t\t\t><span class=\"sc_item_title_text\">Antwerp Design Market: le meilleur du vintage<\/span><\/h2><div class=\"sc_item_descr sc_title_descr\"><p>En mai 2025, vous \u00e9tiez des milliers \u00e0 investir Waagnatie Expo pour la premi\u00e8re \u00e9dition de l\u2019Antwerp Design Market. Deux jours d\u2019effervescence, de d\u00e9couvertes et de rencontres qui ont imm\u00e9diatement inscrit l\u2019\u00e9v\u00e9nement dans le paysage du design europ\u00e9en.<br \/>\nLes 30 et 31 mai 2026, le rendez-vous est confirm\u00e9. 120 marchands europ\u00e9ens, rigoureusement s\u00e9lectionn\u00e9s, occuperont \u00e0 nouveau les 10\u202f000 m\u00b2 de Waagnatie Expo, au bord de l\u2019Escaut.<\/p>\n<\/div><\/div>\t\t<\/div>\n\t\t\t\t<\/div>\n\t\t\t\t<div class=\"elementor-element elementor-element-5002dee sc_fly_static elementor-widget elementor-widget-spacer\" data-id=\"5002dee\" data-element_type=\"widget\" data-widget_type=\"spacer.default\">\n\t\t\t\t<div class=\"elementor-widget-container\">\n\t\t\t\t\t<div class=\"elementor-spacer\">\n\t\t\t<div class=\"elementor-spacer-inner\"><\/div>\n\t\t<\/div>\n\t\t\t\t<\/div>\n\t\t\t\t<\/div>\n\t\t\t\t<div class=\"elementor-element elementor-element-5dbe350 sc_fly_static elementor-widget elementor-widget-image\" data-id=\"5dbe350\" data-element_type=\"widget\" data-widget_type=\"image.default\">\n\t\t\t\t<div class=\"elementor-widget-container\">\n\t\t\t\t\t\t\t\t\t\t\t\t\t\t\t<img fetchpriority=\"high\" decoding=\"async\" width=\"1024\" height=\"683\" src=\"https:\/\/antwerpdesignmarket.be\/wp-content\/uploads\/2026\/02\/P1420369-1024x683.jpg\" class=\"attachment-large size-large wp-image-11382\" alt=\"\" srcset=\"https:\/\/antwerpdesignmarket.be\/wp-content\/uploads\/2026\/02\/P1420369-1024x683.jpg 1024w, https:\/\/antwerpdesignmarket.be\/wp-content\/uploads\/2026\/02\/P1420369-300x200.jpg 300w, https:\/\/antwerpdesignmarket.be\/wp-content\/uploads\/2026\/02\/P1420369-768x512.jpg 768w, https:\/\/antwerpdesignmarket.be\/wp-content\/uploads\/2026\/02\/P1420369-18x12.jpg 18w, https:\/\/antwerpdesignmarket.be\/wp-content\/uploads\/2026\/02\/P1420369-370x247.jpg 370w, https:\/\/antwerpdesignmarket.be\/wp-content\/uploads\/2026\/02\/P1420369-760x507.jpg 760w, https:\/\/antwerpdesignmarket.be\/wp-content\/uploads\/2026\/02\/P1420369.jpg 1200w\" sizes=\"(max-width: 1024px) 100vw, 1024px\" \/>\t\t\t\t\t\t\t\t\t\t\t\t\t\t\t<\/div>\n\t\t\t\t<\/div>\n\t\t\t\t<div class=\"elementor-element elementor-element-5d3c073 sc_fly_static elementor-widget elementor-widget-spacer\" data-id=\"5d3c073\" data-element_type=\"widget\" data-widget_type=\"spacer.default\">\n\t\t\t\t<div class=\"elementor-widget-container\">\n\t\t\t\t\t<div class=\"elementor-spacer\">\n\t\t\t<div class=\"elementor-spacer-inner\"><\/div>\n\t\t<\/div>\n\t\t\t\t<\/div>\n\t\t\t\t<\/div>\n\t\t\t\t\t<\/div>\n\t\t<\/div>\n\t\t\t\t\t\t\t<\/div>\n\t\t<\/section>\n\t\t\t\t<section class=\"elementor-section elementor-top-section elementor-element elementor-element-d2267ef elementor-section-full_width elementor-section-height-default elementor-section-height-default sc_fly_static\" data-id=\"d2267ef\" data-element_type=\"section\">\n\t\t\t\t\t\t<div class=\"elementor-container elementor-column-gap-extended\">\n\t\t\t\t\t<div class=\"elementor-column elementor-col-50 elementor-top-column elementor-element elementor-element-022b1d2 sc_inner_width_none sc_content_align_inherit sc_layouts_column_icons_position_left sc_fly_static\" data-id=\"022b1d2\" data-element_type=\"column\">\n\t\t\t<div class=\"elementor-widget-wrap elementor-element-populated\">\n\t\t\t\t\t\t\t\t<div class=\"elementor-element elementor-element-aac85bb animation_type_block sc_fly_static elementor-invisible elementor-widget elementor-widget-trx_sc_title\" data-id=\"aac85bb\" data-element_type=\"widget\" data-settings=\"{&quot;_animation&quot;:&quot;fadeIn&quot;}\" data-widget_type=\"trx_sc_title.default\">\n\t\t\t\t<div class=\"elementor-widget-container\">\n\t\t\t<div\t\tclass=\"sc_title sc_title_default\"><h2 class=\"sc_item_title sc_title_title sc_item_title_style_default\"\n\t\t\t><span class=\"sc_item_title_text\">Deuxi\u00e8me \u00e9dition<\/span><\/h2><\/div>\t\t<\/div>\n\t\t\t\t<\/div>\n\t\t\t\t<div class=\"elementor-element elementor-element-888120f sc_fly_static elementor-widget elementor-widget-text-editor\" data-id=\"888120f\" data-element_type=\"widget\" data-widget_type=\"text-editor.default\">\n\t\t\t\t<div class=\"elementor-widget-container\">\n\t\t\t\t\t\t\t<p style=\"font-weight: 400;\">L\u2019enthousiasme suscit\u00e9 par la premi\u00e8re \u00e9dition a confirm\u00e9 une attente r\u00e9elle \u00e0 Anvers. Collectionneurs, professionnels et amateurs avertis s\u2019y sont retrouv\u00e9s autour d\u2019une offre coh\u00e9rente, qualitative et internationale.<\/p><p style=\"font-weight: 400;\">Cette deuxi\u00e8me \u00e9dition s\u2019inscrit dans cette continuit\u00e9. Forte de vingt-cinq ann\u00e9es d\u2019exp\u00e9rience \u00e0 travers le Brussels Design Market, notre \u00e9quipe affine sa s\u00e9lection pour r\u00e9unir le meilleur du design du XXe si\u00e8cle.<\/p><p style=\"font-weight: 400;\">Le temps d'un week-end, des milliers de pi\u00e8ces \u2014 mobilier, luminaires, assises, c\u00e9ramiques et objets rares \u2014 seront exceptionnellement rassembl\u00e9es en un seul lieu. Une occasion unique de d\u00e9couvrir, comparer et acqu\u00e9rir des pi\u00e8ces choisies avec exigence.<\/p>\t\t\t\t\t\t<\/div>\n\t\t\t\t<\/div>\n\t\t\t\t\t<\/div>\n\t\t<\/div>\n\t\t\t\t<div class=\"elementor-column elementor-col-50 elementor-top-column elementor-element elementor-element-b4ae0b8 sc_inner_width_none sc_content_align_inherit sc_layouts_column_icons_position_left sc_fly_static\" data-id=\"b4ae0b8\" data-element_type=\"column\">\n\t\t\t<div class=\"elementor-widget-wrap elementor-element-populated\">\n\t\t\t\t\t\t\t\t<div class=\"elementor-element elementor-element-b067c82 sc_fly_static elementor-widget elementor-widget-spacer\" data-id=\"b067c82\" data-element_type=\"widget\" data-widget_type=\"spacer.default\">\n\t\t\t\t<div class=\"elementor-widget-container\">\n\t\t\t\t\t<div class=\"elementor-spacer\">\n\t\t\t<div class=\"elementor-spacer-inner\"><\/div>\n\t\t<\/div>\n\t\t\t\t<\/div>\n\t\t\t\t<\/div>\n\t\t\t\t<div class=\"elementor-element elementor-element-2975b9b elementor-absolute sc_fly_static elementor-widget elementor-widget-image\" data-id=\"2975b9b\" data-element_type=\"widget\" data-settings=\"{&quot;_position&quot;:&quot;absolute&quot;}\" data-widget_type=\"image.default\">\n\t\t\t\t<div class=\"elementor-widget-container\">\n\t\t\t\t\t\t\t\t\t\t\t\t\t\t\t<img decoding=\"async\" width=\"960\" height=\"1200\" src=\"https:\/\/antwerpdesignmarket.be\/wp-content\/uploads\/2026\/02\/Instagram-bericht-1.png\" class=\"attachment-full size-full wp-image-11374\" alt=\"\" srcset=\"https:\/\/antwerpdesignmarket.be\/wp-content\/uploads\/2026\/02\/Instagram-bericht-1.png 960w, https:\/\/antwerpdesignmarket.be\/wp-content\/uploads\/2026\/02\/Instagram-bericht-1-240x300.png 240w, https:\/\/antwerpdesignmarket.be\/wp-content\/uploads\/2026\/02\/Instagram-bericht-1-819x1024.png 819w, https:\/\/antwerpdesignmarket.be\/wp-content\/uploads\/2026\/02\/Instagram-bericht-1-768x960.png 768w, https:\/\/antwerpdesignmarket.be\/wp-content\/uploads\/2026\/02\/Instagram-bericht-1-10x12.png 10w, https:\/\/antwerpdesignmarket.be\/wp-content\/uploads\/2026\/02\/Instagram-bericht-1-370x463.png 370w, https:\/\/antwerpdesignmarket.be\/wp-content\/uploads\/2026\/02\/Instagram-bericht-1-760x950.png 760w\" sizes=\"(max-width: 960px) 100vw, 960px\" \/>\t\t\t\t\t\t\t\t\t\t\t\t\t\t\t<\/div>\n\t\t\t\t<\/div>\n\t\t\t\t\t<\/div>\n\t\t<\/div>\n\t\t\t\t\t\t\t<\/div>\n\t\t<\/section>\n\t\t\t\t<section class=\"elementor-section elementor-top-section elementor-element elementor-element-97e02cc elementor-section-stretched elementor-section-boxed elementor-section-height-default elementor-section-height-default sc_fly_static\" data-id=\"97e02cc\" data-element_type=\"section\" data-settings=\"{&quot;stretch_section&quot;:&quot;section-stretched&quot;,&quot;background_background&quot;:&quot;classic&quot;}\">\n\t\t\t\t\t\t<div class=\"elementor-container elementor-column-gap-extended\">\n\t\t\t\t\t<div class=\"elementor-column elementor-col-100 elementor-top-column elementor-element elementor-element-e418619 sc_inner_width_none sc_content_align_inherit sc_layouts_column_icons_position_left sc_fly_static\" data-id=\"e418619\" data-element_type=\"column\" data-settings=\"{&quot;background_background&quot;:&quot;classic&quot;}\">\n\t\t\t<div class=\"elementor-widget-wrap elementor-element-populated\">\n\t\t\t\t\t\t\t\t<div class=\"elementor-element elementor-element-a58e1e3 sc_fly_static elementor-widget elementor-widget-spacer\" data-id=\"a58e1e3\" data-element_type=\"widget\" data-widget_type=\"spacer.default\">\n\t\t\t\t<div class=\"elementor-widget-container\">\n\t\t\t\t\t<div class=\"elementor-spacer\">\n\t\t\t<div class=\"elementor-spacer-inner\"><\/div>\n\t\t<\/div>\n\t\t\t\t<\/div>\n\t\t\t\t<\/div>\n\t\t\t\t\t<\/div>\n\t\t<\/div>\n\t\t\t\t\t\t\t<\/div>\n\t\t<\/section>\n\t\t\t\t<section class=\"elementor-section elementor-top-section elementor-element elementor-element-2c63b5c elementor-section-stretched elementor-section-boxed elementor-section-height-default elementor-section-height-default sc_fly_static\" data-id=\"2c63b5c\" data-element_type=\"section\" data-settings=\"{&quot;stretch_section&quot;:&quot;section-stretched&quot;,&quot;background_background&quot;:&quot;classic&quot;}\">\n\t\t\t\t\t\t<div class=\"elementor-container elementor-column-gap-extended\">\n\t\t\t\t\t<div class=\"elementor-column elementor-col-100 elementor-top-column elementor-element elementor-element-a5ebfed sc_inner_width_none sc_content_align_inherit sc_layouts_column_icons_position_left sc_fly_static\" data-id=\"a5ebfed\" data-element_type=\"column\" data-settings=\"{&quot;background_background&quot;:&quot;classic&quot;}\">\n\t\t\t<div class=\"elementor-widget-wrap elementor-element-populated\">\n\t\t\t\t\t\t\t\t<div class=\"elementor-element elementor-element-4b04ff8 sc_fly_static elementor-widget elementor-widget-spacer\" data-id=\"4b04ff8\" data-element_type=\"widget\" data-widget_type=\"spacer.default\">\n\t\t\t\t<div class=\"elementor-widget-container\">\n\t\t\t\t\t<div class=\"elementor-spacer\">\n\t\t\t<div class=\"elementor-spacer-inner\"><\/div>\n\t\t<\/div>\n\t\t\t\t<\/div>\n\t\t\t\t<\/div>\n\t\t\t\t<div class=\"elementor-element elementor-element-87066a7 elementor-skin-carousel elementor-arrows-yes sc_fly_static elementor-widget elementor-widget-media-carousel\" data-id=\"87066a7\" data-element_type=\"widget\" data-settings=\"{&quot;slides_per_view&quot;:&quot;3&quot;,&quot;motion_fx_motion_fx_scrolling&quot;:&quot;yes&quot;,&quot;motion_fx_translateY_effect&quot;:&quot;yes&quot;,&quot;speed&quot;:300,&quot;autoplay_speed&quot;:2000,&quot;skin&quot;:&quot;carousel&quot;,&quot;effect&quot;:&quot;slide&quot;,&quot;show_arrows&quot;:&quot;yes&quot;,&quot;autoplay&quot;:&quot;yes&quot;,&quot;loop&quot;:&quot;yes&quot;,&quot;pause_on_hover&quot;:&quot;yes&quot;,&quot;pause_on_interaction&quot;:&quot;yes&quot;,&quot;space_between&quot;:{&quot;unit&quot;:&quot;px&quot;,&quot;size&quot;:10,&quot;sizes&quot;:[]},&quot;space_between_tablet&quot;:{&quot;unit&quot;:&quot;px&quot;,&quot;size&quot;:10,&quot;sizes&quot;:[]},&quot;space_between_mobile&quot;:{&quot;unit&quot;:&quot;px&quot;,&quot;size&quot;:10,&quot;sizes&quot;:[]},&quot;motion_fx_translateY_speed&quot;:{&quot;unit&quot;:&quot;px&quot;,&quot;size&quot;:4,&quot;sizes&quot;:[]},&quot;motion_fx_translateY_affectedRange&quot;:{&quot;unit&quot;:&quot;%&quot;,&quot;size&quot;:&quot;&quot;,&quot;sizes&quot;:{&quot;start&quot;:0,&quot;end&quot;:100}},&quot;motion_fx_devices&quot;:[&quot;desktop&quot;,&quot;tablet&quot;,&quot;mobile&quot;]}\" data-widget_type=\"media-carousel.default\">\n\t\t\t\t<div class=\"elementor-widget-container\">\n\t\t\t\t\t<div class=\"elementor-swiper\">\n\t\t\t<div class=\"elementor-main-swiper swiper-container\">\n\t\t\t\t<div class=\"swiper-wrapper\">\n\t\t\t\t\t\t\t\t\t\t\t<div class=\"swiper-slide\">\n\t\t\t\t\t\t\t\t\t<div class=\"elementor-carousel-image\" role=\"img\" aria-label=\"3C4A4808 copie\" style=\"background-image: url(&#039;https:\/\/antwerpdesignmarket.be\/wp-content\/uploads\/2024\/10\/3C4A4808-copie.jpg&#039;)\">\n\n\t\t\t\n\t\t\t\t\t<\/div>\n\t\t\t\t\t\t\t\t<\/div>\n\t\t\t\t\t\t\t\t\t\t\t<div class=\"swiper-slide\">\n\t\t\t\t\t\t\t\t\t<div class=\"elementor-carousel-image\" role=\"img\" aria-label=\"DSC_5508\" style=\"background-image: url(&#039;https:\/\/antwerpdesignmarket.be\/wp-content\/uploads\/2024\/10\/DSC_5508.jpg&#039;)\">\n\n\t\t\t\n\t\t\t\t\t<\/div>\n\t\t\t\t\t\t\t\t<\/div>\n\t\t\t\t\t\t\t\t\t\t\t<div class=\"swiper-slide\">\n\t\t\t\t\t\t\t\t\t<div class=\"elementor-carousel-image\" role=\"img\" aria-label=\"3C4A5305\" style=\"background-image: url(&#039;https:\/\/antwerpdesignmarket.be\/wp-content\/uploads\/2022\/08\/3C4A5305.jpg&#039;)\">\n\n\t\t\t\n\t\t\t\t\t<\/div>\n\t\t\t\t\t\t\t\t<\/div>\n\t\t\t\t\t\t\t\t\t\t\t<div class=\"swiper-slide\">\n\t\t\t\t\t\t\t\t\t<div class=\"elementor-carousel-image\" role=\"img\" aria-label=\"Capture d\u2019\u00e9cran 2022-08-08 \u00e0 12.09.11\" style=\"background-image: url(&#039;https:\/\/antwerpdesignmarket.be\/wp-content\/uploads\/2020\/12\/Capture-decran-2022-08-08-a-12.09.11.png&#039;)\">\n\n\t\t\t\n\t\t\t\t\t<\/div>\n\t\t\t\t\t\t\t\t<\/div>\n\t\t\t\t\t\t\t\t\t\t\t<div class=\"swiper-slide\">\n\t\t\t\t\t\t\t\t\t<div class=\"elementor-carousel-image\" role=\"img\" aria-label=\"3C4A4789\" style=\"background-image: url(&#039;https:\/\/antwerpdesignmarket.be\/wp-content\/uploads\/2022\/08\/3C4A4789.jpg&#039;)\">\n\n\t\t\t\n\t\t\t\t\t<\/div>\n\t\t\t\t\t\t\t\t<\/div>\n\t\t\t\t\t\t\t\t\t\t\t<div class=\"swiper-slide\">\n\t\t\t\t\t\t\t\t\t<div class=\"elementor-carousel-image\" role=\"img\" aria-label=\"\ud83d\udfe2DSCF8816 copie\" style=\"background-image: url(&#039;https:\/\/antwerpdesignmarket.be\/wp-content\/uploads\/2024\/10\/\ud83d\udfe2DSCF8816-copie.jpg&#039;)\">\n\n\t\t\t\n\t\t\t\t\t<\/div>\n\t\t\t\t\t\t\t\t<\/div>\n\t\t\t\t\t\t\t\t\t<\/div>\n\t\t\t\t\t\t\t\t\t\t\t\t\t\t\t\t\t\t\t\t<div class=\"elementor-swiper-button elementor-swiper-button-prev\" role=\"button\" tabindex=\"0\">\n\t\t\t\t\t\t\t<i aria-hidden=\"true\" class=\"eicon-chevron-left\"><\/i>\t\t\t\t\t\t\t<span class=\"elementor-screen-only\">Previous<\/span>\n\t\t\t\t\t\t<\/div>\n\t\t\t\t\t\t<div class=\"elementor-swiper-button elementor-swiper-button-next\" role=\"button\" tabindex=\"0\">\n\t\t\t\t\t\t\t<i aria-hidden=\"true\" class=\"eicon-chevron-right\"><\/i>\t\t\t\t\t\t\t<span class=\"elementor-screen-only\">Next<\/span>\n\t\t\t\t\t\t<\/div>\n\t\t\t\t\t\t\t\t\t\t\t\t<\/div>\n\t\t<\/div>\n\t\t\t\t<\/div>\n\t\t\t\t<\/div>\n\t\t\t\t<div class=\"elementor-element elementor-element-16dccbc sc_fly_static elementor-widget elementor-widget-spacer\" data-id=\"16dccbc\" data-element_type=\"widget\" data-widget_type=\"spacer.default\">\n\t\t\t\t<div class=\"elementor-widget-container\">\n\t\t\t\t\t<div class=\"elementor-spacer\">\n\t\t\t<div class=\"elementor-spacer-inner\"><\/div>\n\t\t<\/div>\n\t\t\t\t<\/div>\n\t\t\t\t<\/div>\n\t\t\t\t\t<\/div>\n\t\t<\/div>\n\t\t\t\t\t\t\t<\/div>\n\t\t<\/section>\n\t\t\t\t<section class=\"elementor-section elementor-top-section elementor-element elementor-element-b6d7955 elementor-section-stretched elementor-section-boxed elementor-section-height-default elementor-section-height-default sc_fly_static\" data-id=\"b6d7955\" data-element_type=\"section\" data-settings=\"{&quot;stretch_section&quot;:&quot;section-stretched&quot;,&quot;background_background&quot;:&quot;classic&quot;}\">\n\t\t\t\t\t\t<div class=\"elementor-container elementor-column-gap-extended\">\n\t\t\t\t\t<div class=\"elementor-column elementor-col-100 elementor-top-column elementor-element elementor-element-b09ba08 sc_inner_width_none sc_content_align_inherit sc_layouts_column_icons_position_left sc_fly_static\" data-id=\"b09ba08\" data-element_type=\"column\" data-settings=\"{&quot;background_background&quot;:&quot;classic&quot;}\">\n\t\t\t<div class=\"elementor-widget-wrap\">\n\t\t\t\t\t\t\t\t\t<\/div>\n\t\t<\/div>\n\t\t\t\t\t\t\t<\/div>\n\t\t<\/section>\n\t\t\t\t\t\t\t<\/div>","protected":false},"excerpt":{"rendered":"<p>Antwerp Design Market: the best of vintage In May 2025, thousands of you filled Waagnatie Expo for the first Antwerp Design Market. Two days of energy, discovery and encounters that&hellip;<\/p>","protected":false},"author":1,"featured_media":0,"parent":0,"menu_order":0,"comment_status":"closed","ping_status":"closed","template":"","meta":{"_price":"","_stock":"","_tribe_ticket_header":"","_tribe_default_ticket_provider":"","_tribe_ticket_capacity":"0","_ticket_start_date":"","_ticket_end_date":"","_tribe_ticket_show_description":"","_tribe_ticket_show_not_going":false,"_tribe_ticket_use_global_stock":"","_tribe_ticket_global_stock_level":"","_global_stock_mode":"","_global_stock_cap":"","_tribe_rsvp_for_event":"","_tribe_ticket_going_count":"","_tribe_ticket_not_going_count":"","_tribe_tickets_list":[],"_tribe_ticket_has_attendee_info_fields":false,"footnotes":""},"yoast_head":"<!-- This site is optimized with the Yoast SEO plugin v21.8 - https:\/\/yoast.com\/wordpress\/plugins\/seo\/ -->\n<title>About us - Antwerp Design Market<\/title>\n<meta name=\"robots\" content=\"index, follow, max-snippet:-1, max-image-preview:large, max-video-preview:-1\" \/>\n<link rel=\"canonical\" href=\"https:\/\/antwerpdesignmarket.be\/fr\/about-us\/\" \/>\n<meta property=\"og:locale\" content=\"fr_FR\" \/>\n<meta property=\"og:type\" content=\"article\" \/>\n<meta property=\"og:title\" content=\"About us - Antwerp Design Market\" \/>\n<meta property=\"og:description\" content=\"Antwerp Design Market: the best of vintage In May 2025, thousands of you filled Waagnatie Expo for the first Antwerp Design Market. Two days of energy, discovery and encounters that&hellip;\" \/>\n<meta property=\"og:url\" content=\"https:\/\/antwerpdesignmarket.be\/fr\/about-us\/\" \/>\n<meta property=\"og:site_name\" content=\"Antwerp Design Market\" \/>\n<meta property=\"article:publisher\" content=\"https:\/\/www.facebook.com\/BrusselDesignMarket\" \/>\n<meta property=\"article:modified_time\" content=\"2026-02-12T17:43:54+00:00\" \/>\n<meta property=\"og:image\" content=\"https:\/\/antwerpdesignmarket.be\/wp-content\/uploads\/2026\/02\/P1420369-1024x683.jpg\" \/>\n<meta name=\"twitter:card\" content=\"summary_large_image\" \/>\n<meta name=\"twitter:label1\" content=\"Dur\u00e9e de lecture est.\" \/>\n\t<meta name=\"twitter:data1\" content=\"2 minutes\" \/>\n<script type=\"application\/ld+json\" class=\"yoast-schema-graph\">{\"@context\":\"https:\/\/schema.org\",\"@graph\":[{\"@type\":\"WebPage\",\"@id\":\"https:\/\/antwerpdesignmarket.be\/uk\/about-us\/\",\"url\":\"https:\/\/antwerpdesignmarket.be\/uk\/about-us\/\",\"name\":\"About us - Antwerp Design Market\",\"isPartOf\":{\"@id\":\"https:\/\/antwerpdesignmarket.be\/#website\"},\"datePublished\":\"2021-10-29T08:19:30+00:00\",\"dateModified\":\"2026-02-12T17:43:54+00:00\",\"breadcrumb\":{\"@id\":\"https:\/\/antwerpdesignmarket.be\/uk\/about-us\/#breadcrumb\"},\"inLanguage\":\"fr-BE\",\"potentialAction\":[{\"@type\":\"ReadAction\",\"target\":[\"https:\/\/antwerpdesignmarket.be\/uk\/about-us\/\"]}]},{\"@type\":\"BreadcrumbList\",\"@id\":\"https:\/\/antwerpdesignmarket.be\/uk\/about-us\/#breadcrumb\",\"itemListElement\":[{\"@type\":\"ListItem\",\"position\":1,\"name\":\"Accueil\",\"item\":\"https:\/\/antwerpdesignmarket.be\/\"},{\"@type\":\"ListItem\",\"position\":2,\"name\":\"About us\"}]},{\"@type\":\"WebSite\",\"@id\":\"https:\/\/antwerpdesignmarket.be\/#website\",\"url\":\"https:\/\/antwerpdesignmarket.be\/\",\"name\":\"Antwerp Design Market\",\"description\":\"30 &amp; 31 May 2026\",\"publisher\":{\"@id\":\"https:\/\/antwerpdesignmarket.be\/#organization\"},\"potentialAction\":[{\"@type\":\"SearchAction\",\"target\":{\"@type\":\"EntryPoint\",\"urlTemplate\":\"https:\/\/antwerpdesignmarket.be\/?s={search_term_string}\"},\"query-input\":\"required name=search_term_string\"}],\"inLanguage\":\"fr-BE\"},{\"@type\":\"Organization\",\"@id\":\"https:\/\/antwerpdesignmarket.be\/#organization\",\"name\":\"Design Market\",\"url\":\"https:\/\/antwerpdesignmarket.be\/\",\"logo\":{\"@type\":\"ImageObject\",\"inLanguage\":\"fr-BE\",\"@id\":\"https:\/\/antwerpdesignmarket.be\/#\/schema\/logo\/image\/\",\"url\":\"https:\/\/antwerpdesignmarket.be\/wp-content\/uploads\/2019\/12\/ADM-logo-Noir.png\",\"contentUrl\":\"https:\/\/antwerpdesignmarket.be\/wp-content\/uploads\/2019\/12\/ADM-logo-Noir.png\",\"width\":1200,\"height\":573,\"caption\":\"Design Market\"},\"image\":{\"@id\":\"https:\/\/antwerpdesignmarket.be\/#\/schema\/logo\/image\/\"},\"sameAs\":[\"https:\/\/www.facebook.com\/BrusselDesignMarket\",\"https:\/\/www.instagram.com\/antwerpdesignmarket\/\",\"https:\/\/www.pinterest.dk\/BrusselsDesignMarket\"]}]}<\/script>\n<!-- \/ Yoast SEO plugin. -->","yoast_head_json":{"title":"About us - Antwerp Design Market","robots":{"index":"index","follow":"follow","max-snippet":"max-snippet:-1","max-image-preview":"max-image-preview:large","max-video-preview":"max-video-preview:-1"},"canonical":"https:\/\/antwerpdesignmarket.be\/fr\/about-us\/","og_locale":"fr_FR","og_type":"article","og_title":"About us - Antwerp Design Market","og_description":"Antwerp Design Market: the best of vintage In May 2025, thousands of you filled Waagnatie Expo for the first Antwerp Design Market. Two days of energy, discovery and encounters that&hellip;","og_url":"https:\/\/antwerpdesignmarket.be\/fr\/about-us\/","og_site_name":"Antwerp Design Market","article_publisher":"https:\/\/www.facebook.com\/BrusselDesignMarket","article_modified_time":"2026-02-12T17:43:54+00:00","og_image":[{"url":"https:\/\/antwerpdesignmarket.be\/wp-content\/uploads\/2026\/02\/P1420369-1024x683.jpg"}],"twitter_card":"summary_large_image","twitter_misc":{"Dur\u00e9e de lecture est.":"2 minutes"},"schema":{"@context":"https:\/\/schema.org","@graph":[{"@type":"WebPage","@id":"https:\/\/antwerpdesignmarket.be\/uk\/about-us\/","url":"https:\/\/antwerpdesignmarket.be\/uk\/about-us\/","name":"About us - Antwerp Design Market","isPartOf":{"@id":"https:\/\/antwerpdesignmarket.be\/#website"},"datePublished":"2021-10-29T08:19:30+00:00","dateModified":"2026-02-12T17:43:54+00:00","breadcrumb":{"@id":"https:\/\/antwerpdesignmarket.be\/uk\/about-us\/#breadcrumb"},"inLanguage":"fr-BE","potentialAction":[{"@type":"ReadAction","target":["https:\/\/antwerpdesignmarket.be\/uk\/about-us\/"]}]},{"@type":"BreadcrumbList","@id":"https:\/\/antwerpdesignmarket.be\/uk\/about-us\/#breadcrumb","itemListElement":[{"@type":"ListItem","position":1,"name":"Accueil","item":"https:\/\/antwerpdesignmarket.be\/"},{"@type":"ListItem","position":2,"name":"About us"}]},{"@type":"WebSite","@id":"https:\/\/antwerpdesignmarket.be\/#website","url":"https:\/\/antwerpdesignmarket.be\/","name":"Antwerp Design Market","description":"30 &amp; 31 May 2026","publisher":{"@id":"https:\/\/antwerpdesignmarket.be\/#organization"},"potentialAction":[{"@type":"SearchAction","target":{"@type":"EntryPoint","urlTemplate":"https:\/\/antwerpdesignmarket.be\/?s={search_term_string}"},"query-input":"required name=search_term_string"}],"inLanguage":"fr-BE"},{"@type":"Organization","@id":"https:\/\/antwerpdesignmarket.be\/#organization","name":"Design Market","url":"https:\/\/antwerpdesignmarket.be\/","logo":{"@type":"ImageObject","inLanguage":"fr-BE","@id":"https:\/\/antwerpdesignmarket.be\/#\/schema\/logo\/image\/","url":"https:\/\/antwerpdesignmarket.be\/wp-content\/uploads\/2019\/12\/ADM-logo-Noir.png","contentUrl":"https:\/\/antwerpdesignmarket.be\/wp-content\/uploads\/2019\/12\/ADM-logo-Noir.png","width":1200,"height":573,"caption":"Design Market"},"image":{"@id":"https:\/\/antwerpdesignmarket.be\/#\/schema\/logo\/image\/"},"sameAs":["https:\/\/www.facebook.com\/BrusselDesignMarket","https:\/\/www.instagram.com\/antwerpdesignmarket\/","https:\/\/www.pinterest.dk\/BrusselsDesignMarket"]}]}},"_links":{"self":[{"href":"https:\/\/antwerpdesignmarket.be\/fr\/wp-json\/wp\/v2\/pages\/6041"}],"collection":[{"href":"https:\/\/antwerpdesignmarket.be\/fr\/wp-json\/wp\/v2\/pages"}],"about":[{"href":"https:\/\/antwerpdesignmarket.be\/fr\/wp-json\/wp\/v2\/types\/page"}],"author":[{"embeddable":true,"href":"https:\/\/antwerpdesignmarket.be\/fr\/wp-json\/wp\/v2\/users\/1"}],"replies":[{"embeddable":true,"href":"https:\/\/antwerpdesignmarket.be\/fr\/wp-json\/wp\/v2\/comments?post=6041"}],"version-history":[{"count":293,"href":"https:\/\/antwerpdesignmarket.be\/fr\/wp-json\/wp\/v2\/pages\/6041\/revisions"}],"predecessor-version":[{"id":11385,"href":"https:\/\/antwerpdesignmarket.be\/fr\/wp-json\/wp\/v2\/pages\/6041\/revisions\/11385"}],"wp:attachment":[{"href":"https:\/\/antwerpdesignmarket.be\/fr\/wp-json\/wp\/v2\/media?parent=6041"}],"curies":[{"name":"wp","href":"https:\/\/api.w.org\/{rel}","templated":true}]}}